{"id":353,"date":"2023-11-10T15:26:54","date_gmt":"2023-11-10T15:26:54","guid":{"rendered":"https:\/\/beatrixhotel.hu\/szobak-es-arak\/"},"modified":"2026-02-06T08:14:29","modified_gmt":"2026-02-06T08:14:29","slug":"szobak-es-arak","status":"publish","type":"page","link":"https:\/\/beatrixhotel.hu\/en\/szobak-es-arak\/","title":{"rendered":"Szob\u00e1k \u00e9s \u00e1rak"},"content":{"rendered":"<section class=\"about section-padding bg-white\" data-scroll-index=\"1\">\n    <div class=\"container\">\n        <div class=\"row\">\n            <div class=\"col-md-3\">\n                <div class=\"sub-title border-bot-light\">Our best<\/div>\n            <\/div>\n            <div class=\"col-md-9\">\n                <div class=\"section-title\">Prices<\/div>\n                <div class=\"row\">\n                                        <div class=\"col-md-12\">\n                        <p>Please note that our prices are indicative!<\/p>\n<p>Prices include <strong>breakfast<\/strong>, VAT, and the use of the <strong>secured parking lot<\/strong>. The prices do not include the city tax of <strong>800 HUF \/ person \/ night<\/strong>.<\/p>\n<p>For longer stays, please request a customized offer by clicking <strong><a href=\"https:\/\/beatrixhotel.hu\/foglalas\/\" target=\"_blank\" rel=\"noopener\"><u>here<\/u><\/a><\/strong>.<\/p>\n<p>Our prices are indicative and do not a direct offer. The following factors may influence them:<\/p>\n<ul>\n<li>Occupancy<\/li>\n<li>Number of booked nights<\/li>\n<li>Currency exchange rate fluctuations<\/li>\n<\/ul>\n<p>An additional charge may apply for booking a single night or a weekend day.<\/p>\n<p>We reserve the right to make changes!<\/p>\n\n                    <\/div>\n                                    <\/div>\n            <\/div>\n        <\/div>\n    <\/div>\n<\/section>\n\n<section class=\"rooms2 section-padding\" data-scroll-index=\"1\">\n    <div class=\"container\">\n                        <div class=\"row g-0  mb-90 \">\n            <div class=\"col-md-7\">\n                <div class=\"owl-carousel owl-theme\">\n                                            <div class=\"img\"> <img decoding=\"async\" src=\"https:\/\/beatrixhotel.hu\/wp-content\/uploads\/2023\/12\/DSC2930-HDR-1-1024x683.jpg\" alt=\"\"> <\/div>\n                                            <div class=\"img\"> <img decoding=\"async\" src=\"https:\/\/beatrixhotel.hu\/wp-content\/uploads\/2023\/12\/DSC2770-HDR-1-1024x683.jpg\" alt=\"\"> <\/div>\n                                            <div class=\"img\"> <img decoding=\"async\" src=\"https:\/\/beatrixhotel.hu\/wp-content\/uploads\/2023\/12\/DSC2758-HDR-1-1024x683.jpg\" alt=\"\"> <\/div>\n                                    <\/div>\n            <\/div>\n            <div class=\"col-md-5 bg-white valign\">\n                <div class=\"content\">\n                    <div class=\"cont\">\n                        <h3>Single room<\/h3>\n                        <p>As our hotel does not have small, single rooms, in this case, you can still book one of our standard rooms at a more favorable rate.<\/p>\n                        <div class=\"d-flex flex-row justify-content-evenly mb-4\">\n                                                            <div class=\"text-center w-100\">\n                                    <div class=\"icon\"><img decoding=\"async\" src=\"https:\/\/beatrixhotel.hu\/wp-content\/uploads\/2023\/11\/people.png\" alt=\"\" class=\"icon-room\"><\/div>\n                                    <div class=\"icon-text text-center\">1<\/div>\n                                <\/div>\n                                                            <div class=\"text-center w-100\">\n                                    <div class=\"icon\"><img decoding=\"async\" src=\"https:\/\/beatrixhotel.hu\/wp-content\/uploads\/2023\/11\/bed.png\" alt=\"\" class=\"icon-room\"><\/div>\n                                    <div class=\"icon-text text-center\">Double or single bed<\/div>\n                                <\/div>\n                                                            <div class=\"text-center w-100\">\n                                    <div class=\"icon\"><img decoding=\"async\" src=\"https:\/\/beatrixhotel.hu\/wp-content\/uploads\/2023\/11\/sketch.png\" alt=\"\" class=\"icon-room\"><\/div>\n                                    <div class=\"icon-text text-center\">18 sq. m.<\/div>\n                                <\/div>\n                                                            <div class=\"text-center w-100\">\n                                    <div class=\"icon\"><img decoding=\"async\" src=\"https:\/\/beatrixhotel.hu\/wp-content\/uploads\/2023\/12\/coffee.png\" alt=\"\" class=\"icon-room\"><\/div>\n                                    <div class=\"icon-text text-center\">Breakfast included<\/div>\n                                <\/div>\n                                                    <\/div>\n                        <div class=\"book\">\n                            <div><a href=\"\/en\/foglalas\" class=\"butn-dark2\"><span>Book now<\/span><\/a><\/div>\n                            <div><span class=\"price\">70 EUR<\/span><span>\/night<\/span><\/div>\n                        <\/div>\n                    <\/div>\n                <\/div>\n            <\/div>\n        <\/div>\n                        <div class=\"row g-0  mb-90 \">\n            <div class=\"col-md-7\">\n                <div class=\"owl-carousel owl-theme\">\n                                            <div class=\"img\"> <img decoding=\"async\" src=\"https:\/\/beatrixhotel.hu\/wp-content\/uploads\/2023\/12\/DSC2973-HDR-1-1024x683.jpg\" alt=\"\"> <\/div>\n                                            <div class=\"img\"> <img decoding=\"async\" src=\"https:\/\/beatrixhotel.hu\/wp-content\/uploads\/2023\/12\/DSC2979-HDR-1-1024x683.jpg\" alt=\"\"> <\/div>\n                                            <div class=\"img\"> <img decoding=\"async\" src=\"https:\/\/beatrixhotel.hu\/wp-content\/uploads\/2023\/12\/DSC2770-HDR-1-1024x683.jpg\" alt=\"\"> <\/div>\n                                            <div class=\"img\"> <img decoding=\"async\" src=\"https:\/\/beatrixhotel.hu\/wp-content\/uploads\/2023\/12\/DSC3058-HDR-1-1024x683.jpg\" alt=\"\"> <\/div>\n                                    <\/div>\n            <\/div>\n            <div class=\"col-md-5 bg-white valign\">\n                <div class=\"content\">\n                    <div class=\"cont\">\n                        <h3>Double room<\/h3>\n                        <p>Our double rooms can be booked with either a double bed or two single beds, depending on availability.<\/p>\n                        <div class=\"d-flex flex-row justify-content-evenly mb-4\">\n                                                            <div class=\"text-center w-100\">\n                                    <div class=\"icon\"><img decoding=\"async\" src=\"https:\/\/beatrixhotel.hu\/wp-content\/uploads\/2023\/11\/people.png\" alt=\"\" class=\"icon-room\"><\/div>\n                                    <div class=\"icon-text text-center\">2<\/div>\n                                <\/div>\n                                                            <div class=\"text-center w-100\">\n                                    <div class=\"icon\"><img decoding=\"async\" src=\"https:\/\/beatrixhotel.hu\/wp-content\/uploads\/2023\/11\/bed.png\" alt=\"\" class=\"icon-room\"><\/div>\n                                    <div class=\"icon-text text-center\">Double or single bed<\/div>\n                                <\/div>\n                                                            <div class=\"text-center w-100\">\n                                    <div class=\"icon\"><img decoding=\"async\" src=\"https:\/\/beatrixhotel.hu\/wp-content\/uploads\/2023\/11\/sketch.png\" alt=\"\" class=\"icon-room\"><\/div>\n                                    <div class=\"icon-text text-center\">18 sq. m.<\/div>\n                                <\/div>\n                                                            <div class=\"text-center w-100\">\n                                    <div class=\"icon\"><img decoding=\"async\" src=\"https:\/\/beatrixhotel.hu\/wp-content\/uploads\/2023\/12\/coffee.png\" alt=\"\" class=\"icon-room\"><\/div>\n                                    <div class=\"icon-text text-center\">Breakfast included<\/div>\n                                <\/div>\n                                                    <\/div>\n                        <div class=\"book\">\n                            <div><a href=\"\/en\/foglalas\" class=\"butn-dark2\"><span>Book now<\/span><\/a><\/div>\n                            <div><span class=\"price\">80 EUR<\/span><span>\/night<\/span><\/div>\n                        <\/div>\n                    <\/div>\n                <\/div>\n            <\/div>\n        <\/div>\n                        <div class=\"row g-0  mb-90 \">\n            <div class=\"col-md-7\">\n                <div class=\"owl-carousel owl-theme\">\n                                            <div class=\"img\"> <img decoding=\"async\" src=\"https:\/\/beatrixhotel.hu\/wp-content\/uploads\/2023\/12\/DSC2728-HDR-1-1024x683.jpg\" alt=\"\"> <\/div>\n                                            <div class=\"img\"> <img decoding=\"async\" src=\"https:\/\/beatrixhotel.hu\/wp-content\/uploads\/2023\/12\/DSC2736-HDR-1-1024x683.jpg\" alt=\"\"> <\/div>\n                                            <div class=\"img\"> <img decoding=\"async\" src=\"https:\/\/beatrixhotel.hu\/wp-content\/uploads\/2023\/12\/DSC2742-HDR-1-1024x683.jpg\" alt=\"\"> <\/div>\n                                    <\/div>\n            <\/div>\n            <div class=\"col-md-5 bg-white valign\">\n                <div class=\"content\">\n                    <div class=\"cont\">\n                        <h3>Triple room<\/h3>\n                        <p>Our triple rooms have mostly one double bed and one single bed, but depending on availability, it is possible to arrange accommodation for 3 people with all separate beds.<\/p>\n                        <div class=\"d-flex flex-row justify-content-evenly mb-4\">\n                                                            <div class=\"text-center w-100\">\n                                    <div class=\"icon\"><img decoding=\"async\" src=\"https:\/\/beatrixhotel.hu\/wp-content\/uploads\/2023\/11\/people.png\" alt=\"\" class=\"icon-room\"><\/div>\n                                    <div class=\"icon-text text-center\">3<\/div>\n                                <\/div>\n                                                            <div class=\"text-center w-100\">\n                                    <div class=\"icon\"><img decoding=\"async\" src=\"https:\/\/beatrixhotel.hu\/wp-content\/uploads\/2023\/11\/bed.png\" alt=\"\" class=\"icon-room\"><\/div>\n                                    <div class=\"icon-text text-center\">One double and single bed<\/div>\n                                <\/div>\n                                                            <div class=\"text-center w-100\">\n                                    <div class=\"icon\"><img decoding=\"async\" src=\"https:\/\/beatrixhotel.hu\/wp-content\/uploads\/2023\/11\/sketch.png\" alt=\"\" class=\"icon-room\"><\/div>\n                                    <div class=\"icon-text text-center\">22 sq. m.<\/div>\n                                <\/div>\n                                                            <div class=\"text-center w-100\">\n                                    <div class=\"icon\"><img decoding=\"async\" src=\"https:\/\/beatrixhotel.hu\/wp-content\/uploads\/2023\/12\/coffee.png\" alt=\"\" class=\"icon-room\"><\/div>\n                                    <div class=\"icon-text text-center\">Breakfast included<\/div>\n                                <\/div>\n                                                    <\/div>\n                        <div class=\"book\">\n                            <div><a href=\"\/en\/foglalas\" class=\"butn-dark2\"><span>Book now<\/span><\/a><\/div>\n                            <div><span class=\"price\">100 EUR<\/span><span>\/night<\/span><\/div>\n                        <\/div>\n                    <\/div>\n                <\/div>\n            <\/div>\n        <\/div>\n                        <div class=\"row g-0 \">\n            <div class=\"col-md-7\">\n                <div class=\"owl-carousel owl-theme\">\n                                            <div class=\"img\"> <img decoding=\"async\" src=\"https:\/\/beatrixhotel.hu\/wp-content\/uploads\/2023\/12\/DSC2961-HDR-1-1024x683.jpg\" alt=\"\"> <\/div>\n                                            <div class=\"img\"> <img decoding=\"async\" src=\"https:\/\/beatrixhotel.hu\/wp-content\/uploads\/2023\/12\/DSC2944-HDR-1-1024x683.jpg\" alt=\"\"> <\/div>\n                                            <div class=\"img\"> <img decoding=\"async\" src=\"https:\/\/beatrixhotel.hu\/wp-content\/uploads\/2023\/12\/DSC2965-HDR-1-1024x683.jpg\" alt=\"\"> <\/div>\n                                    <\/div>\n            <\/div>\n            <div class=\"col-md-5 bg-white valign\">\n                <div class=\"content\">\n                    <div class=\"cont\">\n                        <h3>Family room<\/h3>\n                        <p>In our family rooms, we can accommodate a total of 4 people, which is ideal for two adults and two children. However, upon request, they can also be available for up to 4 adults. Our family rooms come with either one double bed and two single beds or two double beds.<\/p>\n                        <div class=\"d-flex flex-row justify-content-evenly mb-4\">\n                                                            <div class=\"text-center w-100\">\n                                    <div class=\"icon\"><img decoding=\"async\" src=\"https:\/\/beatrixhotel.hu\/wp-content\/uploads\/2023\/11\/people.png\" alt=\"\" class=\"icon-room\"><\/div>\n                                    <div class=\"icon-text text-center\">4<\/div>\n                                <\/div>\n                                                            <div class=\"text-center w-100\">\n                                    <div class=\"icon\"><img decoding=\"async\" src=\"https:\/\/beatrixhotel.hu\/wp-content\/uploads\/2023\/11\/bed.png\" alt=\"\" class=\"icon-room\"><\/div>\n                                    <div class=\"icon-text text-center\">One double and two single<\/div>\n                                <\/div>\n                                                            <div class=\"text-center w-100\">\n                                    <div class=\"icon\"><img decoding=\"async\" src=\"https:\/\/beatrixhotel.hu\/wp-content\/uploads\/2023\/11\/sketch.png\" alt=\"\" class=\"icon-room\"><\/div>\n                                    <div class=\"icon-text text-center\">35 sq. m.<\/div>\n                                <\/div>\n                                                            <div class=\"text-center w-100\">\n                                    <div class=\"icon\"><img decoding=\"async\" src=\"https:\/\/beatrixhotel.hu\/wp-content\/uploads\/2023\/12\/coffee.png\" alt=\"\" class=\"icon-room\"><\/div>\n                                    <div class=\"icon-text text-center\">Breakfast included<\/div>\n                                <\/div>\n                                                    <\/div>\n                        <div class=\"book\">\n                            <div><a href=\"\/en\/foglalas\" class=\"butn-dark2\"><span>Book now<\/span><\/a><\/div>\n                            <div><span class=\"price\">120 EUR<\/span><span>\/night<\/span><\/div>\n                        <\/div>\n                    <\/div>\n                <\/div>\n            <\/div>\n        <\/div>\n            <\/div>\n<\/section>\n\n<section class=\"blog-home section-padding\">\n    <div class=\"container\">\n        <div class=\"row mb-30\">\n            <div class=\"col-md-3\">\n                <div class=\"sub-title border-bot-light\">Additional<\/div>\n            <\/div>\n            <div class=\"col-md-9\">\n                <div class=\"section-title\">Information<\/div>\n                <p>Please consider the factors outlined below during your reservation, which affect our pricing and also address the cancellation policy.<\/p>\n\n            <\/div>\n        <\/div>\n        <div class=\"row\">\n            <div class=\"col-md-12\">\n                <div class=\"owl-carousel owl-theme\">\n                                        <div class=\"item bg-img\" data-background=\"https:\/\/beatrixhotel.hu\/wp-content\/uploads\/2023\/12\/140512_1257_MBM7664_2-1024x681.jpg\" data-background-mobile=\"https:\/\/beatrixhotel.hu\/wp-content\/uploads\/2023\/12\/140512_1257_MBM7664_2-1024x681.jpg\">\n                        <div class=\"content\">\n                            <h5>High season<\/h5>\n                            <p>The above prices are not valid during peak periods. These periods include, for example: Easter, 1st of May, Pentecost, Formula 1, August 20, October 23, Christmas, New Year&#039;s Eve. During these periods, we can only accept reservations with a minimum stay of 3 nights.<\/p>\n                            \n                        <\/div>\n                    <\/div>\n                                        <div class=\"item bg-img\" data-background=\"https:\/\/beatrixhotel.hu\/wp-content\/uploads\/2023\/12\/140512_1150_MBM7564_2-1024x681.jpg\" data-background-mobile=\"https:\/\/beatrixhotel.hu\/wp-content\/uploads\/2023\/12\/140512_1150_MBM7564_2-1024x681.jpg\">\n                        <div class=\"content\">\n                            <h5>Cancellation<\/h5>\n                            <p>Lemond\u00e1st csak \u00edr\u00e1sban tudunk elfogadni. K\u00f6tb\u00e9rmentes lemond\u00e1s m\u00f3dja egy szoba \u00e9s 1-5 \u00e9jszaka foglal\u00e1sa eset\u00e9n \u00e9rkez\u00e9s el\u0151tt 2 nappal, 5 \u00e9jszak\u00e1n t\u00fal vagy t\u00f6bb szoba foglal\u00e1sa eset\u00e9n \u00e9rkez\u00e9s el\u0151tt 7 nappal.\r\nA k\u00f6tb\u00e9r minden esetben egy \u00e9jszaka \u00e1r\u00e1nak a 100%-a, ha ez m\u00e1sk\u00e9pp nem szerepel foglal\u00e1s\u00e1nak visszaigazol\u00e1s\u00e1ban.<\/p>\n                            \n                        <\/div>\n                    <\/div>\n                                        <div class=\"item bg-img\" data-background=\"https:\/\/beatrixhotel.hu\/wp-content\/uploads\/2023\/12\/140512_1258_MBM7669_2-1024x681.jpg\" data-background-mobile=\"https:\/\/beatrixhotel.hu\/wp-content\/uploads\/2023\/12\/140512_1258_MBM7669_2-1024x681.jpg\">\n                        <div class=\"content\">\n                            <h5>Our prices are indicative<\/h5>\n                            <p>We can accept cancellations only in writing. Free of charge cancellation is possible for bookings of one room and 1-5 nights, up to 2 days before arrival. For reservations of 5 nights or more or multiple room bookings, cancellation is free up to 7 days before arrival.\r\n\r\nThe cancellation fee in all cases is the full price of one night unless otherwise stated in your booking confirmation.<\/p>\n                            \n                        <\/div>\n                    <\/div>\n                                    <\/div>\n            <\/div>\n        <\/div>\n    <\/div>\n<\/section>\n\n<section class=\"section-padding\" data-scroll-index=\"1\">\n    <div class=\"container\">\n        <div class=\"row justify-content-center align-items-stretch\">\n                        <div class=\"col-md-4\">\n                <div class=\"pricing w-100 h-100\">\n                    <div class=\"con text-center d-flex flex-column h-100 justify-content-between\"> \n                        <div>\n                            <span class=\"price\"><span class=\"number\">10 EUR<\/span> <sub>\/night<\/sub><\/span> \n                            <span class=\"title d-block\">Pet<\/span>\n                            <ul class=\"pricing-text mb-30\">\n                                                                    <li><span class=\"ti-check mr-2\"><\/span>Small-sized pets only<\/li>\n                                                                    <li><span class=\"ti-check mr-2\"><\/span>Please indicate during the reservation<\/li>\n                                                                    <li><span class=\"ti-check mr-2\"><\/span>Subject to availability of pet-friendly rooms<\/li>\n                                                            <\/ul>\n                        <\/div>\n                        <div class=\"butn-dark\"> \n                            <a href=\"\/en\/kapcsolat\"><span>More information<\/span><\/a> \n                        <\/div>\n                    <\/div>\n                <\/div>\n            <\/div>\n                        <div class=\"col-md-4\">\n                <div class=\"pricing w-100 h-100\">\n                    <div class=\"con text-center d-flex flex-column h-100 justify-content-between\"> \n                        <div>\n                            <span class=\"price\"><span class=\"number\">0 EUR<\/span> <sub>\/night<\/sub><\/span> \n                            <span class=\"title d-block\">Parking<\/span>\n                            <ul class=\"pricing-text mb-30\">\n                                                                    <li><span class=\"ti-check mr-2\"><\/span>Free for your reservation<\/li>\n                                                                    <li><span class=\"ti-check mr-2\"><\/span>One parking space per room<\/li>\n                                                                    <li><span class=\"ti-check mr-2\"><\/span>Closed parking lot<\/li>\n                                                            <\/ul>\n                        <\/div>\n                        <div class=\"butn-dark\"> \n                            <a href=\"\/en\/kapcsolat\"><span>More information<\/span><\/a> \n                        <\/div>\n                    <\/div>\n                <\/div>\n            <\/div>\n                    <\/div>\n    <\/div>\n<\/section>","protected":false},"excerpt":{"rendered":"","protected":false},"author":1,"featured_media":0,"parent":0,"menu_order":0,"comment_status":"closed","ping_status":"closed","template":"","meta":{"footnotes":""},"acf":[],"_links":{"self":[{"href":"https:\/\/beatrixhotel.hu\/en\/wp-json\/wp\/v2\/pages\/353"}],"collection":[{"href":"https:\/\/beatrixhotel.hu\/en\/wp-json\/wp\/v2\/pages"}],"about":[{"href":"https:\/\/beatrixhotel.hu\/en\/wp-json\/wp\/v2\/types\/page"}],"author":[{"embeddable":true,"href":"https:\/\/beatrixhotel.hu\/en\/wp-json\/wp\/v2\/users\/1"}],"replies":[{"embeddable":true,"href":"https:\/\/beatrixhotel.hu\/en\/wp-json\/wp\/v2\/comments?post=353"}],"version-history":[{"count":33,"href":"https:\/\/beatrixhotel.hu\/en\/wp-json\/wp\/v2\/pages\/353\/revisions"}],"predecessor-version":[{"id":3383,"href":"https:\/\/beatrixhotel.hu\/en\/wp-json\/wp\/v2\/pages\/353\/revisions\/3383"}],"wp:attachment":[{"href":"https:\/\/beatrixhotel.hu\/en\/wp-json\/wp\/v2\/media?parent=353"}],"curies":[{"name":"wp","href":"https:\/\/api.w.org\/{rel}","templated":true}]}}