{"id":354,"date":"2023-11-10T15:26:54","date_gmt":"2023-11-10T15:26:54","guid":{"rendered":"https:\/\/beatrixhotel.hu\/szobak-es-arak\/"},"modified":"2026-02-06T08:14:57","modified_gmt":"2026-02-06T08:14:57","slug":"szobak-es-arak","status":"publish","type":"page","link":"https:\/\/beatrixhotel.hu\/de\/szobak-es-arak\/","title":{"rendered":"Szob\u00e1k \u00e9s \u00e1rak"},"content":{"rendered":"<section class=\"about section-padding bg-white\" data-scroll-index=\"1\">\n    <div class=\"container\">\n        <div class=\"row\">\n            <div class=\"col-md-3\">\n                <div class=\"sub-title border-bot-light\">Direkt vorteilhaftere<\/div>\n            <\/div>\n            <div class=\"col-md-9\">\n                <div class=\"section-title\">Preise<\/div>\n                <div class=\"row\">\n                                        <div class=\"col-md-12\">\n                        <p>Bitte beachten Sie, dass unsere Preise informativ sind!<\/p>\n<p style=\"text-align: left;\" align=\"center\"><span class=\"apple-converted-space\">Die Preise beinhalten <strong>Fr\u00fchst\u00fcck<\/strong>, die Mehrwertsteuer und die Nutzung des <strong>abgeschlossenen Parkplatzes<\/strong>.<br \/>\n<\/span>Die Preise enthalten nicht die Fremdenverkehrsabgabe von <strong>800 HUF\/Person\/Nacht<\/strong>.<\/p>\n<p>Bei einem l\u00e4ngeren Aufenthalt bitten wir Sie, einen individuellen Preis anzufordern, den Sie durch <a href=\"https:\/\/beatrixhotel.hu\/foglalas\/\" target=\"_blank\" rel=\"noopener\"><strong>Klicken hier<\/strong><\/a> erhalten k\u00f6nnen.<\/p>\n<p>Unsere Preise sind informativ und stellen kein verbindliches Angebot dar. Die folgenden Faktoren k\u00f6nnen beeinflussen:<\/p>\n<ul>\n<li>Belegung<\/li>\n<li>Anzahl der gebuchten N\u00e4chte<\/li>\n<li>Wechselkurs\u00e4nderungen<\/li>\n<\/ul>\n<div>Bei Buchung einer einzelnen Nacht oder eines Wochenendtages kann ein Aufpreis berechnet werden.<\/div>\n<div><\/div>\n<div>Wir behalten uns das Recht auf \u00c4nderungen vor!<\/div>\n\n                    <\/div>\n                                    <\/div>\n            <\/div>\n        <\/div>\n    <\/div>\n<\/section>\n\n<section class=\"rooms2 section-padding\" data-scroll-index=\"1\">\n    <div class=\"container\">\n                        <div class=\"row g-0  mb-90 \">\n            <div class=\"col-md-7\">\n                <div class=\"owl-carousel owl-theme\">\n                                            <div class=\"img\"> <img decoding=\"async\" src=\"https:\/\/beatrixhotel.hu\/wp-content\/uploads\/2023\/12\/DSC2930-HDR-1-1024x683.jpg\" alt=\"\"> <\/div>\n                                            <div class=\"img\"> <img decoding=\"async\" src=\"https:\/\/beatrixhotel.hu\/wp-content\/uploads\/2023\/12\/DSC2770-HDR-1-1024x683.jpg\" alt=\"\"> <\/div>\n                                            <div class=\"img\"> <img decoding=\"async\" src=\"https:\/\/beatrixhotel.hu\/wp-content\/uploads\/2023\/12\/DSC2758-HDR-1-1024x683.jpg\" alt=\"\"> <\/div>\n                                    <\/div>\n            <\/div>\n            <div class=\"col-md-5 bg-white valign\">\n                <div class=\"content\">\n                    <div class=\"cont\">\n                        <h3>Einzelzimmer<\/h3>\n                        <p>Da unser Hotel keine kleinen Einzelzimmer hat, k\u00f6nnen Sie in diesem Fall trotzdem eines unserer Standardzimmer zu einem g\u00fcnstigeren Preis buchen.<\/p>\n                        <div class=\"d-flex flex-row justify-content-evenly mb-4\">\n                                                            <div class=\"text-center w-100\">\n                                    <div class=\"icon\"><img decoding=\"async\" src=\"https:\/\/beatrixhotel.hu\/wp-content\/uploads\/2023\/11\/people.png\" alt=\"\" class=\"icon-room\"><\/div>\n                                    <div class=\"icon-text text-center\">1<\/div>\n                                <\/div>\n                                                            <div class=\"text-center w-100\">\n                                    <div class=\"icon\"><img decoding=\"async\" src=\"https:\/\/beatrixhotel.hu\/wp-content\/uploads\/2023\/11\/bed.png\" alt=\"\" class=\"icon-room\"><\/div>\n                                    <div class=\"icon-text text-center\">Doppel- oder Einzelbett<\/div>\n                                <\/div>\n                                                            <div class=\"text-center w-100\">\n                                    <div class=\"icon\"><img decoding=\"async\" src=\"https:\/\/beatrixhotel.hu\/wp-content\/uploads\/2023\/11\/sketch.png\" alt=\"\" class=\"icon-room\"><\/div>\n                                    <div class=\"icon-text text-center\">18 m\u00b2<\/div>\n                                <\/div>\n                                                            <div class=\"text-center w-100\">\n                                    <div class=\"icon\"><img decoding=\"async\" src=\"https:\/\/beatrixhotel.hu\/wp-content\/uploads\/2023\/12\/coffee.png\" alt=\"\" class=\"icon-room\"><\/div>\n                                    <div class=\"icon-text text-center\">Mit Fr\u00fchst\u00fcck<\/div>\n                                <\/div>\n                                                    <\/div>\n                        <div class=\"book\">\n                            <div><a href=\"\/de\/foglalas\" class=\"butn-dark2\"><span>Buchen<\/span><\/a><\/div>\n                            <div><span class=\"price\">70 EUR<\/span><span>\/Nacht<\/span><\/div>\n                        <\/div>\n                    <\/div>\n                <\/div>\n            <\/div>\n        <\/div>\n                        <div class=\"row g-0  mb-90 \">\n            <div class=\"col-md-7\">\n                <div class=\"owl-carousel owl-theme\">\n                                            <div class=\"img\"> <img decoding=\"async\" src=\"https:\/\/beatrixhotel.hu\/wp-content\/uploads\/2023\/12\/DSC2973-HDR-1-1024x683.jpg\" alt=\"\"> <\/div>\n                                            <div class=\"img\"> <img decoding=\"async\" src=\"https:\/\/beatrixhotel.hu\/wp-content\/uploads\/2023\/12\/DSC2979-HDR-1-1024x683.jpg\" alt=\"\"> <\/div>\n                                            <div class=\"img\"> <img decoding=\"async\" src=\"https:\/\/beatrixhotel.hu\/wp-content\/uploads\/2023\/12\/DSC2770-HDR-1-1024x683.jpg\" alt=\"\"> <\/div>\n                                            <div class=\"img\"> <img decoding=\"async\" src=\"https:\/\/beatrixhotel.hu\/wp-content\/uploads\/2023\/12\/DSC3058-HDR-1-1024x683.jpg\" alt=\"\"> <\/div>\n                                    <\/div>\n            <\/div>\n            <div class=\"col-md-5 bg-white valign\">\n                <div class=\"content\">\n                    <div class=\"cont\">\n                        <h3>Doppelzimmer<\/h3>\n                        <p>Unsere Doppelzimmer k\u00f6nnen je nach Verf\u00fcgbarkeit mit einem Doppelbett oder zwei Einzelbetten gebucht werden.<\/p>\n                        <div class=\"d-flex flex-row justify-content-evenly mb-4\">\n                                                            <div class=\"text-center w-100\">\n                                    <div class=\"icon\"><img decoding=\"async\" src=\"https:\/\/beatrixhotel.hu\/wp-content\/uploads\/2023\/11\/people.png\" alt=\"\" class=\"icon-room\"><\/div>\n                                    <div class=\"icon-text text-center\">2<\/div>\n                                <\/div>\n                                                            <div class=\"text-center w-100\">\n                                    <div class=\"icon\"><img decoding=\"async\" src=\"https:\/\/beatrixhotel.hu\/wp-content\/uploads\/2023\/11\/bed.png\" alt=\"\" class=\"icon-room\"><\/div>\n                                    <div class=\"icon-text text-center\">Doppel- oder Einzelbett<\/div>\n                                <\/div>\n                                                            <div class=\"text-center w-100\">\n                                    <div class=\"icon\"><img decoding=\"async\" src=\"https:\/\/beatrixhotel.hu\/wp-content\/uploads\/2023\/11\/sketch.png\" alt=\"\" class=\"icon-room\"><\/div>\n                                    <div class=\"icon-text text-center\">18 m\u00b2<\/div>\n                                <\/div>\n                                                            <div class=\"text-center w-100\">\n                                    <div class=\"icon\"><img decoding=\"async\" src=\"https:\/\/beatrixhotel.hu\/wp-content\/uploads\/2023\/12\/coffee.png\" alt=\"\" class=\"icon-room\"><\/div>\n                                    <div class=\"icon-text text-center\">Mit Fr\u00fchst\u00fcck<\/div>\n                                <\/div>\n                                                    <\/div>\n                        <div class=\"book\">\n                            <div><a href=\"\/de\/foglalas\" class=\"butn-dark2\"><span>Buchen<\/span><\/a><\/div>\n                            <div><span class=\"price\">80 EUR<\/span><span>\/Nacht<\/span><\/div>\n                        <\/div>\n                    <\/div>\n                <\/div>\n            <\/div>\n        <\/div>\n                        <div class=\"row g-0  mb-90 \">\n            <div class=\"col-md-7\">\n                <div class=\"owl-carousel owl-theme\">\n                                            <div class=\"img\"> <img decoding=\"async\" src=\"https:\/\/beatrixhotel.hu\/wp-content\/uploads\/2023\/12\/DSC2728-HDR-1-1024x683.jpg\" alt=\"\"> <\/div>\n                                            <div class=\"img\"> <img decoding=\"async\" src=\"https:\/\/beatrixhotel.hu\/wp-content\/uploads\/2023\/12\/DSC2736-HDR-1-1024x683.jpg\" alt=\"\"> <\/div>\n                                            <div class=\"img\"> <img decoding=\"async\" src=\"https:\/\/beatrixhotel.hu\/wp-content\/uploads\/2023\/12\/DSC2742-HDR-1-1024x683.jpg\" alt=\"\"> <\/div>\n                                    <\/div>\n            <\/div>\n            <div class=\"col-md-5 bg-white valign\">\n                <div class=\"content\">\n                    <div class=\"cont\">\n                        <h3>Dreibettzimmer<\/h3>\n                        <p>Unsere Dreibettzimmer verf\u00fcgen normalerweise \u00fcber ein Doppelbett und ein Einzelbett, je nach Verf\u00fcgbarkeit ist jedoch auch die Unterbringung von 3 Personen in separaten Betten m\u00f6glich.<\/p>\n                        <div class=\"d-flex flex-row justify-content-evenly mb-4\">\n                                                            <div class=\"text-center w-100\">\n                                    <div class=\"icon\"><img decoding=\"async\" src=\"https:\/\/beatrixhotel.hu\/wp-content\/uploads\/2023\/11\/people.png\" alt=\"\" class=\"icon-room\"><\/div>\n                                    <div class=\"icon-text text-center\">3<\/div>\n                                <\/div>\n                                                            <div class=\"text-center w-100\">\n                                    <div class=\"icon\"><img decoding=\"async\" src=\"https:\/\/beatrixhotel.hu\/wp-content\/uploads\/2023\/11\/bed.png\" alt=\"\" class=\"icon-room\"><\/div>\n                                    <div class=\"icon-text text-center\">Ein Doppelbett und ein Einzelbett<\/div>\n                                <\/div>\n                                                            <div class=\"text-center w-100\">\n                                    <div class=\"icon\"><img decoding=\"async\" src=\"https:\/\/beatrixhotel.hu\/wp-content\/uploads\/2023\/11\/sketch.png\" alt=\"\" class=\"icon-room\"><\/div>\n                                    <div class=\"icon-text text-center\">22 m\u00b2<\/div>\n                                <\/div>\n                                                            <div class=\"text-center w-100\">\n                                    <div class=\"icon\"><img decoding=\"async\" src=\"https:\/\/beatrixhotel.hu\/wp-content\/uploads\/2023\/12\/coffee.png\" alt=\"\" class=\"icon-room\"><\/div>\n                                    <div class=\"icon-text text-center\">Mit Fr\u00fchst\u00fcck<\/div>\n                                <\/div>\n                                                    <\/div>\n                        <div class=\"book\">\n                            <div><a href=\"\/de\/foglalas\" class=\"butn-dark2\"><span>Buchen<\/span><\/a><\/div>\n                            <div><span class=\"price\">100 EUR<\/span><span>\/Nacht<\/span><\/div>\n                        <\/div>\n                    <\/div>\n                <\/div>\n            <\/div>\n        <\/div>\n                        <div class=\"row g-0 \">\n            <div class=\"col-md-7\">\n                <div class=\"owl-carousel owl-theme\">\n                                            <div class=\"img\"> <img decoding=\"async\" src=\"https:\/\/beatrixhotel.hu\/wp-content\/uploads\/2023\/12\/DSC2961-HDR-1-1024x683.jpg\" alt=\"\"> <\/div>\n                                            <div class=\"img\"> <img decoding=\"async\" src=\"https:\/\/beatrixhotel.hu\/wp-content\/uploads\/2023\/12\/DSC2944-HDR-1-1024x683.jpg\" alt=\"\"> <\/div>\n                                            <div class=\"img\"> <img decoding=\"async\" src=\"https:\/\/beatrixhotel.hu\/wp-content\/uploads\/2023\/12\/DSC2965-HDR-1-1024x683.jpg\" alt=\"\"> <\/div>\n                                    <\/div>\n            <\/div>\n            <div class=\"col-md-5 bg-white valign\">\n                <div class=\"content\">\n                    <div class=\"cont\">\n                        <h3>Familienzimmer<\/h3>\n                        <p>In unseren Familienzimmern k\u00f6nnen wir insgesamt 4 Personen unterbringen, was ideal f\u00fcr zwei Erwachsene und zwei Kinder sein kann. Auf Anfrage k\u00f6nnen sie jedoch auch f\u00fcr bis zu 4 Erwachsene verf\u00fcgbar sein. Unsere Familienzimmer verf\u00fcgen entweder \u00fcber ein Doppelbett und zwei Einzelbetten oder zwei Doppelbetten.<\/p>\n                        <div class=\"d-flex flex-row justify-content-evenly mb-4\">\n                                                            <div class=\"text-center w-100\">\n                                    <div class=\"icon\"><img decoding=\"async\" src=\"https:\/\/beatrixhotel.hu\/wp-content\/uploads\/2023\/11\/people.png\" alt=\"\" class=\"icon-room\"><\/div>\n                                    <div class=\"icon-text text-center\">4<\/div>\n                                <\/div>\n                                                            <div class=\"text-center w-100\">\n                                    <div class=\"icon\"><img decoding=\"async\" src=\"https:\/\/beatrixhotel.hu\/wp-content\/uploads\/2023\/11\/bed.png\" alt=\"\" class=\"icon-room\"><\/div>\n                                    <div class=\"icon-text text-center\">Ein Doppelbett und zwei Einzelbett<\/div>\n                                <\/div>\n                                                            <div class=\"text-center w-100\">\n                                    <div class=\"icon\"><img decoding=\"async\" src=\"https:\/\/beatrixhotel.hu\/wp-content\/uploads\/2023\/11\/sketch.png\" alt=\"\" class=\"icon-room\"><\/div>\n                                    <div class=\"icon-text text-center\">35 m\u00b2<\/div>\n                                <\/div>\n                                                            <div class=\"text-center w-100\">\n                                    <div class=\"icon\"><img decoding=\"async\" src=\"https:\/\/beatrixhotel.hu\/wp-content\/uploads\/2023\/12\/coffee.png\" alt=\"\" class=\"icon-room\"><\/div>\n                                    <div class=\"icon-text text-center\">Mit Fr\u00fchst\u00fcck<\/div>\n                                <\/div>\n                                                    <\/div>\n                        <div class=\"book\">\n                            <div><a href=\"\/de\/foglalas\" class=\"butn-dark2\"><span>Buchen<\/span><\/a><\/div>\n                            <div><span class=\"price\">120 EUR<\/span><span>\/Nacht<\/span><\/div>\n                        <\/div>\n                    <\/div>\n                <\/div>\n            <\/div>\n        <\/div>\n            <\/div>\n<\/section>\n\n<section class=\"blog-home section-padding\">\n    <div class=\"container\">\n        <div class=\"row mb-30\">\n            <div class=\"col-md-3\">\n                <div class=\"sub-title border-bot-light\">Weitere<\/div>\n            <\/div>\n            <div class=\"col-md-9\">\n                <div class=\"section-title\">Informationen<\/div>\n                <p>Bitte beachten Sie bei Ihrer Buchung die unten aufgef\u00fchrten Faktoren, die unseren Preis beeinflussen, und informieren Sie sich auch \u00fcber die Stornierungsbedingungen.<\/p>\n\n            <\/div>\n        <\/div>\n        <div class=\"row\">\n            <div class=\"col-md-12\">\n                <div class=\"owl-carousel owl-theme\">\n                                        <div class=\"item bg-img\" data-background=\"https:\/\/beatrixhotel.hu\/wp-content\/uploads\/2023\/12\/140512_1257_MBM7664_2-1024x681.jpg\" data-background-mobile=\"https:\/\/beatrixhotel.hu\/wp-content\/uploads\/2023\/12\/140512_1257_MBM7664_2-1024x681.jpg\">\n                        <div class=\"content\">\n                            <h5>Spitzenzeiten<\/h5>\n                            <p>In Spitzenzeiten gelten die oben genannten Preise nicht. Zu diesen Zeiten geh\u00f6ren zum Beispiel: Ostern, 1. Mai, Pfingsten, Formel 1, 20. August, 23. Oktober, Weihnachten, Silvester.\r\nW\u00e4hrend dieser Zeiten k\u00f6nnen wir Buchungen nur f\u00fcr mindestens 3 N\u00e4chte akzeptieren.<\/p>\n                            \n                        <\/div>\n                    <\/div>\n                                        <div class=\"item bg-img\" data-background=\"https:\/\/beatrixhotel.hu\/wp-content\/uploads\/2023\/12\/140512_1150_MBM7564_2-1024x681.jpg\" data-background-mobile=\"https:\/\/beatrixhotel.hu\/wp-content\/uploads\/2023\/12\/140512_1150_MBM7564_2-1024x681.jpg\">\n                        <div class=\"content\">\n                            <h5>Absage<\/h5>\n                            <p>Die Stornierung kann nur schriftlich akzeptiert werden. Die kostenfreie Stornierungsoption gilt f\u00fcr eine Buchung von einem Zimmer und 1-5 \u00dcbernachtungen, wenn die Stornierung sp\u00e4testens 2 Tage vor der Anreise erfolgt. Bei Buchungen von 5 \u00dcbernachtungen oder mehr oder bei Reservierung von mehreren Zimmern ist die kostenfreie Stornierung sp\u00e4testens 7 Tage vor der Anreise m\u00f6glich.\r\nDie Stornogeb\u00fchr betr\u00e4gt in jedem Fall 100% des Zimmerpreises f\u00fcr eine \u00dcbernachtung, sofern in der Buchungsbest\u00e4tigung nichts anderes angegeben ist.<\/p>\n                            \n                        <\/div>\n                    <\/div>\n                                        <div class=\"item bg-img\" data-background=\"https:\/\/beatrixhotel.hu\/wp-content\/uploads\/2023\/12\/140512_1258_MBM7669_2-1024x681.jpg\" data-background-mobile=\"https:\/\/beatrixhotel.hu\/wp-content\/uploads\/2023\/12\/140512_1258_MBM7669_2-1024x681.jpg\">\n                        <div class=\"content\">\n                            <h5>Unsere Preise dienen nur zur Information<\/h5>\n                            <p>Obwohl wir in den meisten F\u00e4llen die oben angegebenen Preise verwenden, kann es vorkommen, dass wir abweichende Angebote erstellen. Dies kann auf aktueller Auslastung, Wochenendzeiten, Anzahl der \u00dcbernachtungen, Wechselkursschwankungen oder anderen Faktoren beruhen.\r\nBitte beachten Sie bei Ihrer Buchung immer das von uns gesendete Angebot.<\/p>\n                            \n                        <\/div>\n                    <\/div>\n                                    <\/div>\n            <\/div>\n        <\/div>\n    <\/div>\n<\/section>\n\n<section class=\"section-padding\" data-scroll-index=\"1\">\n    <div class=\"container\">\n        <div class=\"row justify-content-center align-items-stretch\">\n                        <div class=\"col-md-4\">\n                <div class=\"pricing w-100 h-100\">\n                    <div class=\"con text-center d-flex flex-column h-100 justify-content-between\"> \n                        <div>\n                            <span class=\"price\"><span class=\"number\">10 EUR<\/span> <sub>\/Nacht<\/sub><\/span> \n                            <span class=\"title d-block\">Haustier<\/span>\n                            <ul class=\"pricing-text mb-30\">\n                                                                    <li><span class=\"ti-check mr-2\"><\/span>Nur Kleintiere<\/li>\n                                                                    <li><span class=\"ti-check mr-2\"><\/span>Bei der Reservierung anzugeben<\/li>\n                                                                    <li><span class=\"ti-check mr-2\"><\/span>Verf\u00fcgbar je nach der Buchung eines haustierfreundlichen Zimmers<\/li>\n                                                            <\/ul>\n                        <\/div>\n                        <div class=\"butn-dark\"> \n                            <a href=\"\/de\/kapcsolat\"><span>Weitere Informationen<\/span><\/a> \n                        <\/div>\n                    <\/div>\n                <\/div>\n            <\/div>\n                        <div class=\"col-md-4\">\n                <div class=\"pricing w-100 h-100\">\n                    <div class=\"con text-center d-flex flex-column h-100 justify-content-between\"> \n                        <div>\n                            <span class=\"price\"><span class=\"number\">0 EUR<\/span> <sub>\/Nacht<\/sub><\/span> \n                            <span class=\"title d-block\">Parkplatz<\/span>\n                            <ul class=\"pricing-text mb-30\">\n                                                                    <li><span class=\"ti-check mr-2\"><\/span>Kostenlos<\/li>\n                                                                    <li><span class=\"ti-check mr-2\"><\/span>Ein Parkplatz pro Zimmer<\/li>\n                                                                    <li><span class=\"ti-check mr-2\"><\/span>Abgeschlossener Parkplatz f\u00fcr Autos<\/li>\n                                                            <\/ul>\n                        <\/div>\n                        <div class=\"butn-dark\"> \n                            <a href=\"\/de\/kapcsolat\"><span>Weitere Informationen<\/span><\/a> \n                        <\/div>\n                    <\/div>\n                <\/div>\n            <\/div>\n                    <\/div>\n    <\/div>\n<\/section>","protected":false},"excerpt":{"rendered":"","protected":false},"author":1,"featured_media":0,"parent":0,"menu_order":0,"comment_status":"closed","ping_status":"closed","template":"","meta":{"footnotes":""},"acf":[],"_links":{"self":[{"href":"https:\/\/beatrixhotel.hu\/de\/wp-json\/wp\/v2\/pages\/354"}],"collection":[{"href":"https:\/\/beatrixhotel.hu\/de\/wp-json\/wp\/v2\/pages"}],"about":[{"href":"https:\/\/beatrixhotel.hu\/de\/wp-json\/wp\/v2\/types\/page"}],"author":[{"embeddable":true,"href":"https:\/\/beatrixhotel.hu\/de\/wp-json\/wp\/v2\/users\/1"}],"replies":[{"embeddable":true,"href":"https:\/\/beatrixhotel.hu\/de\/wp-json\/wp\/v2\/comments?post=354"}],"version-history":[{"count":31,"href":"https:\/\/beatrixhotel.hu\/de\/wp-json\/wp\/v2\/pages\/354\/revisions"}],"predecessor-version":[{"id":3385,"href":"https:\/\/beatrixhotel.hu\/de\/wp-json\/wp\/v2\/pages\/354\/revisions\/3385"}],"wp:attachment":[{"href":"https:\/\/beatrixhotel.hu\/de\/wp-json\/wp\/v2\/media?parent=354"}],"curies":[{"name":"wp","href":"https:\/\/api.w.org\/{rel}","templated":true}]}}