{"id":350,"date":"2023-11-10T15:27:16","date_gmt":"2023-11-10T15:27:16","guid":{"rendered":"https:\/\/beatrixhotel.hu\/szolgaltatasok\/"},"modified":"2024-02-01T12:10:06","modified_gmt":"2024-02-01T12:10:06","slug":"szolgaltatasok","status":"publish","type":"page","link":"https:\/\/beatrixhotel.hu\/de\/szolgaltatasok\/","title":{"rendered":"Szolg\u00e1ltat\u00e1sok"},"content":{"rendered":"<section class=\"services2 section-padding\" data-scroll-index=\"1\">\n    <div class=\"container\">\n        <div class=\"row\">\n            <div class=\"col-md-12\">\n                                <div class=\"services2 left  mb-90 \">\n                    <figure><img decoding=\"async\" src=\"https:\/\/beatrixhotel.hu\/wp-content\/uploads\/2023\/12\/DSC2906-HDR-1-1024x683.jpg\" alt=\"\" class=\"img-fluid\"><\/figure>\n                    <div class=\"caption padding-left\">\n                        <h4>Rezeption<\/h4>\n                        <p>Unser mehrsprachiger Rezeptionsservice steht Ihnen von 7:30 Uhr bis 19:00 Uhr zur Verf\u00fcgung.\r\nDas Einchecken ist zwischen 14:00 Uhr und 18:00 Uhr m\u00f6glich, w\u00e4hrend das Auschecken am Abreisetag bis 11:00 Uhr erfolgen muss.<\/p>\n                    <\/div>\n                <\/div>\n                                <div class=\"services2 right  mb-90 \">\n                    <figure><img decoding=\"async\" src=\"https:\/\/beatrixhotel.hu\/wp-content\/uploads\/2023\/12\/DSC2779-HDR-1024x683.jpg\" alt=\"\" class=\"img-fluid\"><\/figure>\n                    <div class=\"caption padding-left\">\n                        <h4>Abgeschlossener Parkplatz<\/h4>\n                        <p>Ihre Zimmerreservierung beinhaltet die kostenlose Nutzung unseres abgeschlossenen Parkplatzes, der je nach Verf\u00fcgbarkeit zur Verf\u00fcgung steht.\r\nEin Parkplatz pro Zimmer steht zur Verf\u00fcgung. Bitte geben Sie bei Ihrer Buchung Ihren Parkbedarf an.<\/p>\n                    <\/div>\n                <\/div>\n                                <div class=\"services2 left  mb-90 \">\n                    <figure><img decoding=\"async\" src=\"https:\/\/beatrixhotel.hu\/wp-content\/uploads\/2023\/12\/DSC2816-HDR-1-1024x683.jpg\" alt=\"\" class=\"img-fluid\"><\/figure>\n                    <div class=\"caption padding-left\">\n                        <h4>Weitere Dienstleistungen<\/h4>\n                        <p>Kostenlose Nutzung von Wi-Fi, Aufenthaltsraum, Caf\u00e9-Terrasse, Drucken der Bordkarte, Weckdienst, Gep\u00e4ckaufbewahrung, Gep\u00e4cktransport, Regenschirme, N\u00e4hset, Schuhputzset, Toilettenartikel, Handy-Ladeger\u00e4te, Adapter.<\/p>\n                    <\/div>\n                <\/div>\n                                <div class=\"services2 right \">\n                    <figure><img decoding=\"async\" src=\"https:\/\/beatrixhotel.hu\/wp-content\/uploads\/2023\/12\/DSC2973-HDR-1-1024x683.jpg\" alt=\"\" class=\"img-fluid\"><\/figure>\n                    <div class=\"caption padding-left\">\n                        <h4>Zimmerdienstleistungen<\/h4>\n                        <p>Zimmersafe, LED-Hotelfernseher, Telefon, Minibar, schallisolierte T\u00fcr, Klimaanlage in einigen Zimmern, t\u00e4glicher Reinigungsservice, Zimmerservice, Kinderbett.<\/p>\n                    <\/div>\n                <\/div>\n                            <\/div>\n        <\/div>\n    <\/div>\n<\/section>\n\n<div class=\"container\">\n<div class=\"my-4 ar ar-16-9 br-15 position-relative overflow-hidden shadow mw-1000 mx-auto\">\n    <iframe class=\"iframe-position\" src=\"https:\/\/www.google.com\/maps\/d\/embed?mid=1RHPiMm8uboK_q2zsvKLOal6vhZ7wJSg&#038;ehbc=2E312F&#038;noprof=1\" frameborder=\"0\"><\/iframe>\n<\/div>\n<\/div>","protected":false},"excerpt":{"rendered":"","protected":false},"author":1,"featured_media":0,"parent":0,"menu_order":0,"comment_status":"closed","ping_status":"closed","template":"","meta":{"footnotes":""},"acf":[],"_links":{"self":[{"href":"https:\/\/beatrixhotel.hu\/de\/wp-json\/wp\/v2\/pages\/350"}],"collection":[{"href":"https:\/\/beatrixhotel.hu\/de\/wp-json\/wp\/v2\/pages"}],"about":[{"href":"https:\/\/beatrixhotel.hu\/de\/wp-json\/wp\/v2\/types\/page"}],"author":[{"embeddable":true,"href":"https:\/\/beatrixhotel.hu\/de\/wp-json\/wp\/v2\/users\/1"}],"replies":[{"embeddable":true,"href":"https:\/\/beatrixhotel.hu\/de\/wp-json\/wp\/v2\/comments?post=350"}],"version-history":[{"count":5,"href":"https:\/\/beatrixhotel.hu\/de\/wp-json\/wp\/v2\/pages\/350\/revisions"}],"predecessor-version":[{"id":1892,"href":"https:\/\/beatrixhotel.hu\/de\/wp-json\/wp\/v2\/pages\/350\/revisions\/1892"}],"wp:attachment":[{"href":"https:\/\/beatrixhotel.hu\/de\/wp-json\/wp\/v2\/media?parent=350"}],"curies":[{"name":"wp","href":"https:\/\/api.w.org\/{rel}","templated":true}]}}